{"id":7876,"date":"2019-04-09T13:25:25","date_gmt":"2019-04-09T10:25:25","guid":{"rendered":"https:\/\/www.mezmali.lv\/kontakti\/"},"modified":"2024-11-12T10:32:59","modified_gmt":"2024-11-12T08:32:59","slug":"contacts","status":"publish","type":"page","link":"https:\/\/www.mezmali.lv\/en\/contacts\/","title":{"rendered":"CONTACTS"},"content":{"rendered":"<p>[vc_row bg_type=&#8221;image&#8221; parallax_style=&#8221;vcpb-default&#8221; bg_image_new=&#8221;id^7300|url^https:\/\/www.mezmali.lv\/wp-content\/uploads\/2019\/04\/O.Grikis_IMG_2206ep.jpg|caption^null|alt^null|title^O.Grikis_IMG_2206ep|description^null&#8221; bg_image_repeat=&#8221;no-repeat&#8221; css=&#8221;.vc_custom_1554807721703{margin-bottom: 2.5rem !important;padding-top: 3rem !important;padding-bottom: 3rem !important;}&#8221;][vc_column]<style>.ld_fancy_heading_69f7406151c9b h1{color:rgb(255, 255, 255);}.ld_fancy_heading_69f7406151c9b h1 {margin-top:0px !important; margin-bottom:0px !important;  } .ld_fancy_heading_69f7406151c9b .lqd-highlight-inner{height:0.275em;bottom:0px;}.ld_fancy_heading_69f7406151c9b h1 {margin-top:0px !important; margin-bottom:0px !important;  } <\/style><div class=\"ld-fancy-heading text-uppercase ld_fancy_heading_69f7406151c9b\">\n\t<h1 class=\"lqd-highlight-underline lqd-highlight-grow-left\" ><span class=\"ld-fh-txt\"> Contact us!<\/span><\/h1><\/div>[\/vc_column][\/vc_row][vc_row css=&#8221;.vc_custom_1554805893798{margin-bottom: 2.5rem !important;}&#8221;][vc_column width=&#8221;2\/3&#8243;][vc_column_text]Contact us and our experts will answer your questions and offer the best solution.[\/vc_column_text]<style>.ld_spacer_69f7406152246{height:32px;}<\/style>\n<div class=\"ld-empty-space ld_spacer_69f7406152246\"><span class=\"liquid_empty_space_inner\"><\/span><\/div><div id=\"ld_cf7_69f74061522db\" class=\"lqd-contact-form ld_cf7_69f74061522db\">\n\t\n<div class=\"wpcf7 no-js\" id=\"wpcf7-f7918-o1\" lang=\"en-US\" dir=\"ltr\" data-wpcf7-id=\"7918\">\n<div class=\"screen-reader-response\"><p role=\"status\" aria-live=\"polite\" aria-atomic=\"true\"><\/p> <ul><\/ul><\/div>\n<form action=\"\/en\/wp-json\/wp\/v2\/pages\/7876#wpcf7-f7918-o1\" method=\"post\" class=\"wpcf7-form init\" aria-label=\"Contact form\" novalidate=\"novalidate\" data-status=\"init\">\n<fieldset class=\"hidden-fields-container\"><input type=\"hidden\" name=\"_wpcf7\" value=\"7918\" \/><input type=\"hidden\" name=\"_wpcf7_version\" value=\"6.1.4\" \/><input type=\"hidden\" name=\"_wpcf7_locale\" value=\"en_US\" \/><input type=\"hidden\" name=\"_wpcf7_unit_tag\" value=\"wpcf7-f7918-o1\" \/><input type=\"hidden\" name=\"_wpcf7_container_post\" value=\"0\" \/><input type=\"hidden\" name=\"_wpcf7_posted_data_hash\" value=\"\" \/><input type=\"hidden\" name=\"_wpcf7_recaptcha_response\" value=\"\" \/>\n<\/fieldset>\n<div class=\"row\">\n\t<div class=\"col-sm-6\">\n\t\t<p><span class=\"wpcf7-form-control-wrap\" data-name=\"your-name\"><input size=\"40\" maxlength=\"400\" class=\"wpcf7-form-control wpcf7-text\" aria-invalid=\"false\" placeholder=\"Name\" value=\"\" type=\"text\" name=\"your-name\" \/><\/span>\n\t\t<\/p>\n\t<\/div>\n\t<div class=\"col-sm-6\">\n\t\t<p><span class=\"wpcf7-form-control-wrap\" data-name=\"your-company\"><input size=\"40\" maxlength=\"400\" class=\"wpcf7-form-control wpcf7-text\" aria-invalid=\"false\" placeholder=\"Company name\" value=\"\" type=\"text\" name=\"your-company\" \/><\/span>\n\t\t<\/p>\n\t<\/div>\n<\/div>\n<div class=\"row\">\n\t<div class=\"col-sm-6\">\n\t\t<p><span class=\"wpcf7-form-control-wrap\" data-name=\"your-email\"><input size=\"40\" maxlength=\"400\" class=\"wpcf7-form-control wpcf7-email wpcf7-validates-as-required wpcf7-text wpcf7-validates-as-email\" aria-required=\"true\" aria-invalid=\"false\" placeholder=\"E-mail*\" value=\"\" type=\"email\" name=\"your-email\" \/><\/span>\n\t\t<\/p>\n\t<\/div>\n\t<div class=\"col-sm-6\">\n\t\t<p><span class=\"wpcf7-form-control-wrap\" data-name=\"your-phone\"><input size=\"40\" maxlength=\"400\" class=\"wpcf7-form-control wpcf7-tel wpcf7-validates-as-required wpcf7-text wpcf7-validates-as-tel\" aria-required=\"true\" aria-invalid=\"false\" placeholder=\"Phone*\" value=\"\" type=\"tel\" name=\"your-phone\" \/><\/span>\n\t\t<\/p>\n\t<\/div>\n<\/div>\n<p><span class=\"wpcf7-form-control-wrap\" data-name=\"your-message\"><textarea cols=\"40\" rows=\"1\" maxlength=\"2000\" class=\"wpcf7-form-control wpcf7-textarea wpcf7-validates-as-required\" aria-required=\"true\" aria-invalid=\"false\" placeholder=\"Message*\" name=\"your-message\"><\/textarea><\/span>\n<\/p>\n<p><input class=\"wpcf7-form-control wpcf7-submit has-spinner\" type=\"submit\" value=\"Send\" \/>\n<\/p><div class=\"wpcf7-response-output\" aria-hidden=\"true\"><\/div>\n<\/form>\n<\/div>\n<\/div>[\/vc_column][vc_column width=&#8221;1\/3&#8243;][vc_column_text]<strong>&#8220;Me\u017ema\u013ci+&#8221;<\/strong><\/p>\n<p>Address: Maz\u0101 R\u0101mavas iela 4, Valdlau\u010di, \u0136ekavas pag., \u0136ekavas nov., LV-1076<br \/>\nTel: <a href=\"tel:0037167815670\">+371 67815670<\/a><br \/>\nMobile: <a href=\"tel:0037129159555\">+371 29159555<\/a><br \/>\nE-mail: <a href=\"mailto:mezmali@mezmali.lv\">mezmali@mezmali.lv<\/a><\/p>\n<p><strong>Doors:<\/strong> Raimonds Bubenis\u00a0 \u00a0<a href=\"https:\/\/wa.me\/37125770377\"><img loading=\"lazy\" decoding=\"async\" class=\"wp-image-8092 alignnone\" src=\"https:\/\/www.mezmali.lv\/wp-content\/uploads\/2019\/03\/whatsapp-300x300.png\" alt=\"\" width=\"16\" height=\"16\" srcset=\"https:\/\/www.mezmali.lv\/wp-content\/uploads\/2019\/03\/whatsapp-300x300.png 300w, https:\/\/www.mezmali.lv\/wp-content\/uploads\/2019\/03\/whatsapp-150x150.png 150w, https:\/\/www.mezmali.lv\/wp-content\/uploads\/2019\/03\/whatsapp.png 512w\" sizes=\"auto, (max-width: 16px) 100vw, 16px\" \/> +371 25770377 <\/a><br \/>\n<strong>Windows:<\/strong> Ed\u017eus Salgr\u0101vis <a href=\"https:\/\/wa.me\/37122030669\"><img loading=\"lazy\" decoding=\"async\" class=\"wp-image-8092 alignnone\" src=\"https:\/\/www.mezmali.lv\/wp-content\/uploads\/2019\/03\/whatsapp-300x300.png\" alt=\"\" width=\"16\" height=\"16\" srcset=\"https:\/\/www.mezmali.lv\/wp-content\/uploads\/2019\/03\/whatsapp-300x300.png 300w, https:\/\/www.mezmali.lv\/wp-content\/uploads\/2019\/03\/whatsapp-150x150.png 150w, https:\/\/www.mezmali.lv\/wp-content\/uploads\/2019\/03\/whatsapp.png 512w\" sizes=\"auto, (max-width: 16px) 100vw, 16px\" \/> +371 22030669<\/a><\/p>\n<p>Opening hours: on business days from 8.00-17.00[\/vc_column_text]<div class=\"accordion accordion-md accordion-expander-left vc_accordion_69f7406152c8b\" id=\"vc_accordion_69f7406152c8b\" role=\"tablist\" aria-multiselectable=\"true\">\n\n\t<div class=\"accordion-item panel  \">\n\n\t\t<div class=\"accordion-heading\" role=\"tab\" id=\"heading_details\">\n\t\t\t<h4 class=\"accordion-title\">\n\t\t\t\t<a class=\"collapsed\" data-toggle=\"collapse\" data-parent=\"#vc_accordion_69f7406152c8b\" href=\"#details\" aria-expanded=\"false\" aria-controls=\"details\">\n\t\t\t\t\t\n\t\t\t\t\t\n\t\t\t\t\tDetails\n\t\t\t\t\t\t\t\t\t\t<span class=\"accordion-expander\">\n\t\t\t\t\t\t<i class=\"icon-arrows_circle_plus\"><\/i>\n\t\t\t\t\t\t<i class=\"icon-arrows_circle_minus\"><\/i>\n\t\t\t\t\t<\/span>\n\t\t\t\t\t\n\t\t\t\t<\/a>\n\t\t\t\t\n\t\t\t<\/h4>\n\t\t<\/div>\n\n\t\t<div id=\"details\" class=\"accordion-collapse collapse\" role=\"tabpanel\" aria-labelledby=\"heading_details\">\n\t\t\t<div class=\"accordion-content\">\n\t\t\t<p>[vc_column_text]&#8221;Me\u017ema\u013ci+&#8221;<\/p>\n<p>Address: Maz\u0101 R\u0101mavas iela 4, Valdlau\u010di, \u0136ekavas pag., \u0136ekavas nov., LV-1076<br \/>\nReg. No.: 40001006424<br \/>\nBank: A\/S Swedbank Latvia<br \/>\nAccount No.: LV75HABA000140C038725[\/vc_column_text]<\/p>\n\t\t\t<\/div>\n\t\t<\/div>\n\t<\/div>\n<\/div>[\/vc_column][\/vc_row][vc_row css=&#8221;.vc_custom_1554805578188{margin-bottom: 2.5rem !important;}&#8221;][vc_column]<div class=\"ld-gmap-container ld_google_map_69f7406152d64\" id=\"ld_google_map_69f7406152d64\" style=\"height: 350px\">\n\n\t<div class=\"ld-gmap\" data-plugin-map=\"true\" data-plugin-options='{\"style\":\"classic\",\"address\":\"Me\\u017ema\\u013ci+ SIA, Koka logu un durvju ra\\u017eotne, \\u0136ekavas pagasts, \\u0136ekavas novads, \\u0136ekava Parish\",\"marker\":null,\"markers\":null,\"map\":{\"zoom\":10,\"mapTypeId\":\"roadmap\",\"fullscreenControl\":true}}'><\/div>\n\n<\/div>[\/vc_column][\/vc_row]<\/p>\n","protected":false},"excerpt":{"rendered":"<p>[vc_row bg_type=&#8221;image&#8221; parallax_style=&#8221;vcpb-default&#8221; bg_image_new=&#8221;id^7300|url^https:\/\/www.mezmali.lv\/wp-content\/uploads\/2019\/04\/O.Grikis_IMG_2206ep.jpg|caption^null|alt^null|title^O.Grikis_IMG_2206ep|description^null&#8221; bg_image_repeat=&#8221;no-repeat&#8221; css=&#8221;.vc_custom_1554807721703{margin-bottom: 2.5rem !important;padding-top: 3rem !important;padding-bottom: 3rem !important;}&#8221;][vc_column][\/vc_column][\/vc_row][vc_row css=&#8221;.vc_custom_1554805893798{margin-bottom: 2.5rem !important;}&#8221;][vc_column&#8230;<\/p>\n","protected":false},"author":1,"featured_media":0,"parent":0,"menu_order":0,"comment_status":"closed","ping_status":"closed","template":"","meta":{"_acf_changed":false,"footnotes":""},"class_list":["post-7876","page","type-page","status-publish","hentry"],"acf":[],"aioseo_notices":[],"_links":{"self":[{"href":"https:\/\/www.mezmali.lv\/en\/wp-json\/wp\/v2\/pages\/7876","targetHints":{"allow":["GET"]}}],"collection":[{"href":"https:\/\/www.mezmali.lv\/en\/wp-json\/wp\/v2\/pages"}],"about":[{"href":"https:\/\/www.mezmali.lv\/en\/wp-json\/wp\/v2\/types\/page"}],"author":[{"embeddable":true,"href":"https:\/\/www.mezmali.lv\/en\/wp-json\/wp\/v2\/users\/1"}],"replies":[{"embeddable":true,"href":"https:\/\/www.mezmali.lv\/en\/wp-json\/wp\/v2\/comments?post=7876"}],"version-history":[{"count":4,"href":"https:\/\/www.mezmali.lv\/en\/wp-json\/wp\/v2\/pages\/7876\/revisions"}],"predecessor-version":[{"id":9401,"href":"https:\/\/www.mezmali.lv\/en\/wp-json\/wp\/v2\/pages\/7876\/revisions\/9401"}],"wp:attachment":[{"href":"https:\/\/www.mezmali.lv\/en\/wp-json\/wp\/v2\/media?parent=7876"}],"curies":[{"name":"wp","href":"https:\/\/api.w.org\/{rel}","templated":true}]}}